{"id":2139,"date":"2025-07-03T18:52:31","date_gmt":"2025-07-03T18:52:31","guid":{"rendered":"https:\/\/colibri.wolfmkt360.com.mx\/?post_type=product&#038;p=2139"},"modified":"2025-11-19T16:17:35","modified_gmt":"2025-11-19T16:17:35","slug":"excursion-a-valquirico","status":"publish","type":"product","link":"https:\/\/agenciacolibrierrante.com\/en\/product\/excursion-a-valquirico\/","title":{"rendered":"EXCURSION TO VAL'QUIRICO"},"content":{"rendered":"<p>\u00a1Esc\u00e1pate a la magia de Val\u2019quirico!<br \/>\nDel 15 al 17 de Agosto<br \/>\nSalida desde Guadalajara<br \/>\nPuntos de salida \u2013 5 de julio:<br \/>\n00:00 a.m. \u2013 Plaza Las Fuentes<br \/>\n00:30 a.m. \u2013 Burger King (Autopista)<br \/>\n\u00bfQu\u00e9 visitamos?<br \/>\nValle de las Piedras Encimadas \u2013 Un paisaje de fantas\u00eda<br \/>\nZacatl\u00e1n de las Manzanas \u2013 Pueblo con encanto serrano<br \/>\nReloj Floral y Centro Hist\u00f3rico de Zacatl\u00e1n<br \/>\nMirador de Cristal<br \/>\nVitromurales<br \/>\n\ufe0fVal\u2019Quirico \u2013 Un rinc\u00f3n europeo en M\u00e9xico<br \/>\nCholula y su zona arqueol\u00f3gica<br \/>\nPuebla \u2013 Centro hist\u00f3rico<br \/>\nEx-Hacienda de Chautla \u2013 Escenario de cuento de hadas<br \/>\nINCLUYE:<br \/>\n1 noche de hotel<br \/>\nTransporte redondo por autopista<br \/>\nSeguro de viajero<br \/>\nTraslado a todos los lugares<br \/>\nEntradas y tours<br \/>\nGu\u00edas locales<br \/>\nFotograf\u00edas digitales<\/p>\n<p>Coordinador de grupo<br \/>\nEn caso de no llegar a tiempo el d\u00eda y hora indicada se considera no show<br \/>\nHabitaci\u00f3n doble: $3,936 p\/p<br \/>\nReserva con solo $700<br \/>\nSegundo pago: $1,000 en Mayo<br \/>\nLiquida el resto 5 d\u00edas antes de la salida<br \/>\n\u00a1Cupo limitado!<\/p>\n<p>\u26a0IMPORTANTE:<br \/>\nLa puntualidad es clave, hacemos un llamado a ser muy puntuales con las horas programadas<br \/>\nNo hay reembolsos por cancelaciones ajenas a Colibr\u00ed Errante o inasistencia<br \/>\nLos asientos se asignan conforme se vayan reservando<br \/>\nCancelaciones no hay reembolso<br \/>\nA partir del segundo cambio de nombre al momento de transferir tu viaje seria con costo extra.<\/p>\n<p>&nbsp;<\/p>\n<p><a class=\"download-link\" style=\"font-weight: bold;\" href=\"https:\/\/viajes.wolfmkt360.com.mx\/wp-content\/uploads\/2025\/09\/viaje_a_valquirico.pdf\" download=\"\"><strong>Descargar intinerario del viaje<\/strong><\/a><\/p>\n<p>&nbsp;<\/p>\n<p><img fetchpriority=\"high\" decoding=\"async\" class=\"alignnone wp-image-2335\" src=\"https:\/\/viajes.wolfmkt360.com.mx\/wp-content\/uploads\/2025\/07\/2015-08-12_12-08-04___1331-e1756750938418-300x136.jpeg\" alt=\"\" width=\"600\" height=\"272\" srcset=\"https:\/\/agenciacolibrierrante.com\/wp-content\/uploads\/2025\/07\/2015-08-12_12-08-04___1331-e1756750938418-300x136.jpeg 300w, https:\/\/agenciacolibrierrante.com\/wp-content\/uploads\/2025\/07\/2015-08-12_12-08-04___1331-e1756750938418-18x8.jpeg 18w, https:\/\/agenciacolibrierrante.com\/wp-content\/uploads\/2025\/07\/2015-08-12_12-08-04___1331-e1756750938418.jpeg 490w\" sizes=\"(max-width: 600px) 100vw, 600px\" \/><\/p>","protected":false},"excerpt":{"rendered":"<p class=\"text-gray-600 mb-4\">Valkirico es un encantador destino de estilo europeo, ideal para una escapada rom\u00e1ntica o un paseo familiar. Sus calles empedradas, arquitectura medieval y ambiente tranquilo ofrecen una experiencia \u00fanica llena de belleza, gastronom\u00eda y relajaci\u00f3n.<\/p>","protected":false},"featured_media":2140,"comment_status":"open","ping_status":"closed","template":"","meta":{"site-sidebar-layout":"default","site-content-layout":"default","ast-site-content-layout":"default","site-content-style":"default","site-sidebar-style":"default","ast-global-header-display":"","ast-banner-title-visibility":"","ast-main-header-display":"","ast-hfb-above-header-display":"","ast-hfb-below-header-display":"","ast-hfb-mobile-header-display":"","site-post-title":"","ast-breadcrumbs-content":"","ast-featured-img":"","footer-sml-layout":"","theme-transparent-header-meta":"default","adv-header-id-meta":"","stick-header-meta":"","header-above-stick-meta":"","header-main-stick-meta":"","header-below-stick-meta":"","astra-migrate-meta-layouts":"set","ast-page-background-enabled":"default","ast-page-background-meta":{"desktop":{"background-color":"var(--ast-global-color-4)","background-image":"","background-repeat":"repeat","background-position":"center center","background-size":"auto","background-attachment":"scroll","background-type":"","background-media":"","overlay-type":"","overlay-color":"","overlay-opacity":"","overlay-gradient":""},"tablet":{"background-color":"","background-image":"","background-repeat":"repeat","background-position":"center center","background-size":"auto","background-attachment":"scroll","background-type":"","background-media":"","overlay-type":"","overlay-color":"","overlay-opacity":"","overlay-gradient":""},"mobile":{"background-color":"","background-image":"","background-repeat":"repeat","background-position":"center center","background-size":"auto","background-attachment":"scroll","background-type":"","background-media":"","overlay-type":"","overlay-color":"","overlay-opacity":"","overlay-gradient":""}},"ast-content-background-meta":{"desktop":{"background-color":"var(--ast-global-color-5)","background-image":"","background-repeat":"repeat","background-position":"center center","background-size":"auto","background-attachment":"scroll","background-type":"","background-media":"","overlay-type":"","overlay-color":"","overlay-opacity":"","overlay-gradient":""},"tablet":{"background-color":"var(--ast-global-color-5)","background-image":"","background-repeat":"repeat","background-position":"center center","background-size":"auto","background-attachment":"scroll","background-type":"","background-media":"","overlay-type":"","overlay-color":"","overlay-opacity":"","overlay-gradient":""},"mobile":{"background-color":"var(--ast-global-color-5)","background-image":"","background-repeat":"repeat","background-position":"center center","background-size":"auto","background-attachment":"scroll","background-type":"","background-media":"","overlay-type":"","overlay-color":"","overlay-opacity":"","overlay-gradient":""}}},"product_brand":[],"product_cat":[21],"product_tag":[],"class_list":{"0":"post-2139","1":"product","2":"type-product","3":"status-publish","4":"has-post-thumbnail","6":"product_cat-tours","7":"desktop-align-left","8":"tablet-align-left","9":"mobile-align-left","11":"first","12":"instock","13":"shipping-taxable","14":"purchasable","15":"product-type-simple"},"_links":{"self":[{"href":"https:\/\/agenciacolibrierrante.com\/en\/wp-json\/wp\/v2\/product\/2139","targetHints":{"allow":["GET"]}}],"collection":[{"href":"https:\/\/agenciacolibrierrante.com\/en\/wp-json\/wp\/v2\/product"}],"about":[{"href":"https:\/\/agenciacolibrierrante.com\/en\/wp-json\/wp\/v2\/types\/product"}],"replies":[{"embeddable":true,"href":"https:\/\/agenciacolibrierrante.com\/en\/wp-json\/wp\/v2\/comments?post=2139"}],"wp:featuredmedia":[{"embeddable":true,"href":"https:\/\/agenciacolibrierrante.com\/en\/wp-json\/wp\/v2\/media\/2140"}],"wp:attachment":[{"href":"https:\/\/agenciacolibrierrante.com\/en\/wp-json\/wp\/v2\/media?parent=2139"}],"wp:term":[{"taxonomy":"product_brand","embeddable":true,"href":"https:\/\/agenciacolibrierrante.com\/en\/wp-json\/wp\/v2\/product_brand?post=2139"},{"taxonomy":"product_cat","embeddable":true,"href":"https:\/\/agenciacolibrierrante.com\/en\/wp-json\/wp\/v2\/product_cat?post=2139"},{"taxonomy":"product_tag","embeddable":true,"href":"https:\/\/agenciacolibrierrante.com\/en\/wp-json\/wp\/v2\/product_tag?post=2139"}],"curies":[{"name":"wp","href":"https:\/\/api.w.org\/{rel}","templated":true}]}}