{"id":2135,"date":"2025-07-03T17:59:37","date_gmt":"2025-07-03T17:59:37","guid":{"rendered":"https:\/\/colibri.wolfmkt360.com.mx\/?post_type=product&#038;p=2135"},"modified":"2025-08-28T19:08:54","modified_gmt":"2025-08-28T19:08:54","slug":"excursion-a-pena-de-bernal","status":"publish","type":"product","link":"https:\/\/agenciacolibrierrante.com\/en\/product\/excursion-a-pena-de-bernal\/","title":{"rendered":"EXCURSION TO PE\u00d1A DE BERNAL"},"content":{"rendered":"<p>5 y 6 de Julio del 2025<br \/>\nSalida desde Guadalajara<br \/>\nSalimos del Burger King de Autopista a Mexico en la central Nueva<br \/>\n\u00bfQu\u00e9 visitamos?<br \/>\nPueblo M\u00e1gico de Bernal<br \/>\nPe\u00f1a de Bernal<br \/>\nCastillo del Chocolate<br \/>\nFinca Sala Viv\u00e9 by Freixenet<br \/>\nFestival de la Vendimia + Concierto de Moenia<br \/>\n\ufe0f Pueblo M\u00e1gico de Tequisquiapan<br \/>\nQuesos VAI<br \/>\nINCLUYE:<br \/>\n1 noche de hotel<br \/>\nTransporte redondo por autopista<br \/>\nSeguro de viajero<br \/>\nTraslado a todos los lugares<br \/>\nEntradas y tours<br \/>\nGu\u00edas locales<br \/>\nFotograf\u00edas digitales<br \/>\nCoordinador de grupo<br \/>\nPregunta por formas de pago<br \/>\nAparta tu lugar con solo $1000<br \/>\nSeguando pago el 25 de Mayo por $ 1000.00 pesos<br \/>\nSeguando pago el 5 de Junio por $ 1000.00 pesos<br \/>\nLiquida 3 d\u00edas antes de la salida<br \/>\n\ufe0f\u00a1Cupo limitado!<br \/>\nIMPORTANTE:<\/p>\n<p>La puntualidad es clave<br \/>\nLos asientos se asignan conforme se vayan reservando.<br \/>\nEn caso de no llegar a tiempo el d\u00eda y hora indicada no hay reembolso.<br \/>\nCancelaci\u00f3n no hay reembolso.<br \/>\nApartir del tercer cambio de nombre al momento de transferir su viaje hay penalizaci\u00f3n<\/p>","protected":false},"excerpt":{"rendered":"<p class=\"text-gray-600 mb-4\">Vive la experiencia de conocer el hermoso pueblo M\u00e1gico de Bernal, disfrutando de la m\u00edtica Pe\u00f1a de Bernal, el castillo del chocolate, el festival de la vendimia y el pueblo m\u00e1gico Tequisquiapan.<\/p>","protected":false},"featured_media":2138,"comment_status":"open","ping_status":"closed","template":"","meta":{"site-sidebar-layout":"default","site-content-layout":"default","ast-site-content-layout":"default","site-content-style":"default","site-sidebar-style":"default","ast-global-header-display":"","ast-banner-title-visibility":"","ast-main-header-display":"","ast-hfb-above-header-display":"","ast-hfb-below-header-display":"","ast-hfb-mobile-header-display":"","site-post-title":"","ast-breadcrumbs-content":"","ast-featured-img":"","footer-sml-layout":"","theme-transparent-header-meta":"default","adv-header-id-meta":"","stick-header-meta":"","header-above-stick-meta":"","header-main-stick-meta":"","header-below-stick-meta":"","astra-migrate-meta-layouts":"set","ast-page-background-enabled":"default","ast-page-background-meta":{"desktop":{"background-color":"var(--ast-global-color-4)","background-image":"","background-repeat":"repeat","background-position":"center center","background-size":"auto","background-attachment":"scroll","background-type":"","background-media":"","overlay-type":"","overlay-color":"","overlay-opacity":"","overlay-gradient":""},"tablet":{"background-color":"","background-image":"","background-repeat":"repeat","background-position":"center center","background-size":"auto","background-attachment":"scroll","background-type":"","background-media":"","overlay-type":"","overlay-color":"","overlay-opacity":"","overlay-gradient":""},"mobile":{"background-color":"","background-image":"","background-repeat":"repeat","background-position":"center center","background-size":"auto","background-attachment":"scroll","background-type":"","background-media":"","overlay-type":"","overlay-color":"","overlay-opacity":"","overlay-gradient":""}},"ast-content-background-meta":{"desktop":{"background-color":"var(--ast-global-color-5)","background-image":"","background-repeat":"repeat","background-position":"center center","background-size":"auto","background-attachment":"scroll","background-type":"","background-media":"","overlay-type":"","overlay-color":"","overlay-opacity":"","overlay-gradient":""},"tablet":{"background-color":"var(--ast-global-color-5)","background-image":"","background-repeat":"repeat","background-position":"center center","background-size":"auto","background-attachment":"scroll","background-type":"","background-media":"","overlay-type":"","overlay-color":"","overlay-opacity":"","overlay-gradient":""},"mobile":{"background-color":"var(--ast-global-color-5)","background-image":"","background-repeat":"repeat","background-position":"center center","background-size":"auto","background-attachment":"scroll","background-type":"","background-media":"","overlay-type":"","overlay-color":"","overlay-opacity":"","overlay-gradient":""}}},"product_brand":[],"product_cat":[21],"product_tag":[],"class_list":{"0":"post-2135","1":"product","2":"type-product","3":"status-publish","4":"has-post-thumbnail","6":"product_cat-tours","7":"desktop-align-left","8":"tablet-align-left","9":"mobile-align-left","11":"first","12":"instock","13":"shipping-taxable","14":"purchasable","15":"product-type-simple"},"_links":{"self":[{"href":"https:\/\/agenciacolibrierrante.com\/en\/wp-json\/wp\/v2\/product\/2135","targetHints":{"allow":["GET"]}}],"collection":[{"href":"https:\/\/agenciacolibrierrante.com\/en\/wp-json\/wp\/v2\/product"}],"about":[{"href":"https:\/\/agenciacolibrierrante.com\/en\/wp-json\/wp\/v2\/types\/product"}],"replies":[{"embeddable":true,"href":"https:\/\/agenciacolibrierrante.com\/en\/wp-json\/wp\/v2\/comments?post=2135"}],"wp:featuredmedia":[{"embeddable":true,"href":"https:\/\/agenciacolibrierrante.com\/en\/wp-json\/wp\/v2\/media\/2138"}],"wp:attachment":[{"href":"https:\/\/agenciacolibrierrante.com\/en\/wp-json\/wp\/v2\/media?parent=2135"}],"wp:term":[{"taxonomy":"product_brand","embeddable":true,"href":"https:\/\/agenciacolibrierrante.com\/en\/wp-json\/wp\/v2\/product_brand?post=2135"},{"taxonomy":"product_cat","embeddable":true,"href":"https:\/\/agenciacolibrierrante.com\/en\/wp-json\/wp\/v2\/product_cat?post=2135"},{"taxonomy":"product_tag","embeddable":true,"href":"https:\/\/agenciacolibrierrante.com\/en\/wp-json\/wp\/v2\/product_tag?post=2135"}],"curies":[{"name":"wp","href":"https:\/\/api.w.org\/{rel}","templated":true}]}}