{"id":2131,"date":"2025-07-03T17:54:34","date_gmt":"2025-07-03T17:54:34","guid":{"rendered":"https:\/\/colibri.wolfmkt360.com.mx\/?post_type=product&#038;p=2131"},"modified":"2025-08-28T19:09:54","modified_gmt":"2025-08-28T19:09:54","slug":"tour-de-ciudad","status":"publish","type":"product","link":"https:\/\/agenciacolibrierrante.com\/en\/product\/tour-de-ciudad\/","title":{"rendered":"CITY TOUR"},"content":{"rendered":"<p>HORARIO<br \/>\nSALIDA 9:00 AM<br \/>\nREGRESO 4:00 PM<br \/>\nPREVIA RESERVACI\u00d3N TENEMOS CUPO LIMITADO<br \/>\nQUE INCLUYE<br \/>\nTransporte viaje redondo<br \/>\nRecolecci\u00f3n en hotel si se encuentra en zona centro de Guadalajara (incluye regreso al mismo ).<br \/>\nSeguro de viajero durante los trayectos<br \/>\nLUGARES QUE CONOCEREMOS<br \/>\nIniciamos recorrido ( La minerva, glorieta la estampida y puente matute Remus)<br \/>\nTemplo expiatorio<br \/>\nRecorrido panor\u00e1mico por el centro hist\u00f3rico de Guadalajara<br \/>\nTiempo libre en Tonala.<br \/>\n\ufe0fTiempo libre en Tlaquepaque, pueblo m\u00e1gico, donde podras disfrutar los platillos<br \/>\ntipicos de la regi\u00f3n.<br \/>\nRestaurante en el par\u00edan, Tlaquepaque ( Alimentos no incluidos)<br \/>\nPropinas y alimentos no incluidas.<br \/>\nEn caso de no llegar a tiempo el d\u00eda y hora indicada se considera no show<br \/>\nCancelaciones no hay reembolso<br \/>\nA partir del segundo cambio de nombre al momento de transferir tu viaje seria con costo extra.<\/p>","protected":false},"excerpt":{"rendered":"<p class=\"text-gray-600 mb-4\">Vive la experiencia de conocer la hermosa perla tapat\u00eda, disfrutando de arquitectura g\u00f3tica, tradici\u00f3n, cultura, pueblo m\u00e1gico (tlaquepaque), artesan\u00edas tonaltecas y muchas cosas mas..<\/p>","protected":false},"featured_media":2134,"comment_status":"open","ping_status":"closed","template":"","meta":{"site-sidebar-layout":"default","site-content-layout":"default","ast-site-content-layout":"default","site-content-style":"default","site-sidebar-style":"default","ast-global-header-display":"","ast-banner-title-visibility":"","ast-main-header-display":"","ast-hfb-above-header-display":"","ast-hfb-below-header-display":"","ast-hfb-mobile-header-display":"","site-post-title":"","ast-breadcrumbs-content":"","ast-featured-img":"","footer-sml-layout":"","theme-transparent-header-meta":"default","adv-header-id-meta":"","stick-header-meta":"","header-above-stick-meta":"","header-main-stick-meta":"","header-below-stick-meta":"","astra-migrate-meta-layouts":"set","ast-page-background-enabled":"default","ast-page-background-meta":{"desktop":{"background-color":"var(--ast-global-color-4)","background-image":"","background-repeat":"repeat","background-position":"center center","background-size":"auto","background-attachment":"scroll","background-type":"","background-media":"","overlay-type":"","overlay-color":"","overlay-opacity":"","overlay-gradient":""},"tablet":{"background-color":"","background-image":"","background-repeat":"repeat","background-position":"center center","background-size":"auto","background-attachment":"scroll","background-type":"","background-media":"","overlay-type":"","overlay-color":"","overlay-opacity":"","overlay-gradient":""},"mobile":{"background-color":"","background-image":"","background-repeat":"repeat","background-position":"center center","background-size":"auto","background-attachment":"scroll","background-type":"","background-media":"","overlay-type":"","overlay-color":"","overlay-opacity":"","overlay-gradient":""}},"ast-content-background-meta":{"desktop":{"background-color":"var(--ast-global-color-5)","background-image":"","background-repeat":"repeat","background-position":"center center","background-size":"auto","background-attachment":"scroll","background-type":"","background-media":"","overlay-type":"","overlay-color":"","overlay-opacity":"","overlay-gradient":""},"tablet":{"background-color":"var(--ast-global-color-5)","background-image":"","background-repeat":"repeat","background-position":"center center","background-size":"auto","background-attachment":"scroll","background-type":"","background-media":"","overlay-type":"","overlay-color":"","overlay-opacity":"","overlay-gradient":""},"mobile":{"background-color":"var(--ast-global-color-5)","background-image":"","background-repeat":"repeat","background-position":"center center","background-size":"auto","background-attachment":"scroll","background-type":"","background-media":"","overlay-type":"","overlay-color":"","overlay-opacity":"","overlay-gradient":""}}},"product_brand":[],"product_cat":[24,25,21],"product_tag":[],"class_list":{"0":"post-2131","1":"product","2":"type-product","3":"status-publish","4":"has-post-thumbnail","6":"product_cat-1-dia","7":"product_cat-menores","8":"product_cat-tours","9":"desktop-align-left","10":"tablet-align-left","11":"mobile-align-left","13":"first","14":"instock","15":"shipping-taxable","16":"purchasable","17":"product-type-variable"},"_links":{"self":[{"href":"https:\/\/agenciacolibrierrante.com\/en\/wp-json\/wp\/v2\/product\/2131","targetHints":{"allow":["GET"]}}],"collection":[{"href":"https:\/\/agenciacolibrierrante.com\/en\/wp-json\/wp\/v2\/product"}],"about":[{"href":"https:\/\/agenciacolibrierrante.com\/en\/wp-json\/wp\/v2\/types\/product"}],"replies":[{"embeddable":true,"href":"https:\/\/agenciacolibrierrante.com\/en\/wp-json\/wp\/v2\/comments?post=2131"}],"wp:featuredmedia":[{"embeddable":true,"href":"https:\/\/agenciacolibrierrante.com\/en\/wp-json\/wp\/v2\/media\/2134"}],"wp:attachment":[{"href":"https:\/\/agenciacolibrierrante.com\/en\/wp-json\/wp\/v2\/media?parent=2131"}],"wp:term":[{"taxonomy":"product_brand","embeddable":true,"href":"https:\/\/agenciacolibrierrante.com\/en\/wp-json\/wp\/v2\/product_brand?post=2131"},{"taxonomy":"product_cat","embeddable":true,"href":"https:\/\/agenciacolibrierrante.com\/en\/wp-json\/wp\/v2\/product_cat?post=2131"},{"taxonomy":"product_tag","embeddable":true,"href":"https:\/\/agenciacolibrierrante.com\/en\/wp-json\/wp\/v2\/product_tag?post=2131"}],"curies":[{"name":"wp","href":"https:\/\/api.w.org\/{rel}","templated":true}]}}