{"id":2128,"date":"2025-07-03T17:50:00","date_gmt":"2025-07-03T17:50:00","guid":{"rendered":"https:\/\/colibri.wolfmkt360.com.mx\/?post_type=product&#038;p=2128"},"modified":"2025-08-28T19:10:35","modified_gmt":"2025-08-28T19:10:35","slug":"tour-guachimontones","status":"publish","type":"product","link":"https:\/\/agenciacolibrierrante.com\/en\/product\/tour-guachimontones\/","title":{"rendered":"TOUR GUACHIMONTONES"},"content":{"rendered":"<p>VISITAREMOS :<br \/>\nGuachimontones<br \/>\nCampo agavero (Donde podr\u00e1n observar el mejor paisaje agavero y podr\u00e1n disfrutar<br \/>\nde un tiempo para sus hermosas fotograf\u00edas<br \/>\nDestiladora en la cual ver\u00e1n como es el proceso y la elaboraci\u00f3n del tequila finalizando el recorrido con degustaciones (ya incluidas) de los diferentes tequilas y licores hechos a base de tequila 100% artesanal\u267b\ufe0f<br \/>\nCantaritos En los cuales podr\u00e1n encontrar las mejores bebidas t\u00edpicas de TEQUILA(Bebida no incluida)<br \/>\nRestaurante en el cual tendr\u00e1n tiempo para la toma de alimentos. (NO INCLUIDOS)<br \/>\nPueblo de TEQUILA<br \/>\nFinalizamos el recorrido en el pueblo de tequila, donde obtendr\u00e1n 1 hora de tiempo libre para poder conocer el maravilloso pueblo de tequila<br \/>\n<strong>Incluye<\/strong>:<br \/>\nIncludes round trip transportation<br \/>\nSeguro viajero durante trayecto<br \/>\nTrained operator<br \/>\nRecorrido guiado en tequilera (Donde te explicaran el proceso de elaboraci\u00f3n de tequila, degustaci\u00f3n de diferentes productos derivados del tequila, te ense\u00f1aran la oraci\u00f3n del borracho) y en museo de Guachimontones.<br \/>\nVisitaremos un campo agavero<br \/>\nRecorremos una de las cavas mas grandes y reconocida de la regi\u00f3n.<br \/>\n\ufe0fRecorrido por el centro de tequila, donde dispondr\u00e1s de tiempo libre para conocer su<br \/>\narquitectura y bebidas t\u00edpicas de la regi\u00f3n.<br \/>\nVisitaremos los cantaritos, no te la puedes perder (BEBIDA NO INCLUIDA)<br \/>\nHORARIOS DE SALIDA 09:00 am<br \/>\nPropinas y alimentos no incluidas.<br \/>\nEn caso de no llegar a tiempo el d\u00eda y hora indicada se considera no show<br \/>\nCancelaciones no hay reembolso<br \/>\nA partir del segundo cambio de nombre al momento de transferir tu viaje seria con costo<br \/>\nextra.<\/p>","protected":false},"excerpt":{"rendered":"<p class=\"text-gray-600 mb-4\">Vive la experiencia de conocer el sitio arqueol\u00f3gico de Guachimontones, antigua asentamiento prehisp\u00e1nico ubicado en Teuchitlan, localizado a los alrededores del volc\u00e1n de tequila. Asu vez vive la experiencia de conocer uno de nuestros maravillosos pueblos m\u00e1gicos, \u201cTEQUILA JALISCO\u201d el cual nos deleita con pintorescos paisajes debido a su planta de agave azul, misma que da origen a la famosa producci\u00f3n de tequila.<\/p>","protected":false},"featured_media":2049,"comment_status":"open","ping_status":"closed","template":"","meta":{"site-sidebar-layout":"default","site-content-layout":"default","ast-site-content-layout":"default","site-content-style":"default","site-sidebar-style":"default","ast-global-header-display":"","ast-banner-title-visibility":"","ast-main-header-display":"","ast-hfb-above-header-display":"","ast-hfb-below-header-display":"","ast-hfb-mobile-header-display":"","site-post-title":"","ast-breadcrumbs-content":"","ast-featured-img":"","footer-sml-layout":"","theme-transparent-header-meta":"default","adv-header-id-meta":"","stick-header-meta":"","header-above-stick-meta":"","header-main-stick-meta":"","header-below-stick-meta":"","astra-migrate-meta-layouts":"set","ast-page-background-enabled":"default","ast-page-background-meta":{"desktop":{"background-color":"var(--ast-global-color-4)","background-image":"","background-repeat":"repeat","background-position":"center center","background-size":"auto","background-attachment":"scroll","background-type":"","background-media":"","overlay-type":"","overlay-color":"","overlay-opacity":"","overlay-gradient":""},"tablet":{"background-color":"","background-image":"","background-repeat":"repeat","background-position":"center center","background-size":"auto","background-attachment":"scroll","background-type":"","background-media":"","overlay-type":"","overlay-color":"","overlay-opacity":"","overlay-gradient":""},"mobile":{"background-color":"","background-image":"","background-repeat":"repeat","background-position":"center center","background-size":"auto","background-attachment":"scroll","background-type":"","background-media":"","overlay-type":"","overlay-color":"","overlay-opacity":"","overlay-gradient":""}},"ast-content-background-meta":{"desktop":{"background-color":"var(--ast-global-color-5)","background-image":"","background-repeat":"repeat","background-position":"center center","background-size":"auto","background-attachment":"scroll","background-type":"","background-media":"","overlay-type":"","overlay-color":"","overlay-opacity":"","overlay-gradient":""},"tablet":{"background-color":"var(--ast-global-color-5)","background-image":"","background-repeat":"repeat","background-position":"center center","background-size":"auto","background-attachment":"scroll","background-type":"","background-media":"","overlay-type":"","overlay-color":"","overlay-opacity":"","overlay-gradient":""},"mobile":{"background-color":"var(--ast-global-color-5)","background-image":"","background-repeat":"repeat","background-position":"center center","background-size":"auto","background-attachment":"scroll","background-type":"","background-media":"","overlay-type":"","overlay-color":"","overlay-opacity":"","overlay-gradient":""}}},"product_brand":[],"product_cat":[24,21],"product_tag":[],"class_list":{"0":"post-2128","1":"product","2":"type-product","3":"status-publish","4":"has-post-thumbnail","6":"product_cat-1-dia","7":"product_cat-tours","8":"desktop-align-left","9":"tablet-align-left","10":"mobile-align-left","12":"first","13":"instock","14":"shipping-taxable","15":"purchasable","16":"product-type-simple"},"_links":{"self":[{"href":"https:\/\/agenciacolibrierrante.com\/en\/wp-json\/wp\/v2\/product\/2128","targetHints":{"allow":["GET"]}}],"collection":[{"href":"https:\/\/agenciacolibrierrante.com\/en\/wp-json\/wp\/v2\/product"}],"about":[{"href":"https:\/\/agenciacolibrierrante.com\/en\/wp-json\/wp\/v2\/types\/product"}],"replies":[{"embeddable":true,"href":"https:\/\/agenciacolibrierrante.com\/en\/wp-json\/wp\/v2\/comments?post=2128"}],"wp:featuredmedia":[{"embeddable":true,"href":"https:\/\/agenciacolibrierrante.com\/en\/wp-json\/wp\/v2\/media\/2049"}],"wp:attachment":[{"href":"https:\/\/agenciacolibrierrante.com\/en\/wp-json\/wp\/v2\/media?parent=2128"}],"wp:term":[{"taxonomy":"product_brand","embeddable":true,"href":"https:\/\/agenciacolibrierrante.com\/en\/wp-json\/wp\/v2\/product_brand?post=2128"},{"taxonomy":"product_cat","embeddable":true,"href":"https:\/\/agenciacolibrierrante.com\/en\/wp-json\/wp\/v2\/product_cat?post=2128"},{"taxonomy":"product_tag","embeddable":true,"href":"https:\/\/agenciacolibrierrante.com\/en\/wp-json\/wp\/v2\/product_tag?post=2128"}],"curies":[{"name":"wp","href":"https:\/\/api.w.org\/{rel}","templated":true}]}}