{"id":1136,"date":"2025-05-19T18:43:58","date_gmt":"2025-05-19T18:43:58","guid":{"rendered":"https:\/\/colibri.wolfmkt360.com.mx\/index.php\/producto\/poster-v3\/"},"modified":"2025-08-28T19:11:58","modified_gmt":"2025-08-28T19:11:58","slug":"poster-v3","status":"publish","type":"product","link":"https:\/\/agenciacolibrierrante.com\/en\/product\/poster-v3\/","title":{"rendered":"Tour Tequila"},"content":{"rendered":"<h4 class=\"font-bold mb-2\">Includes:<\/h4>\n<ul class=\"text-sm space-y-1\">\n<li class=\"flex items-center\"><i class=\"fas fa-check text-primary mr-2\"><\/i>Includes round trip transportation<\/li>\n<li class=\"flex items-center\"><i class=\"fas fa-check text-primary mr-2\"><\/i>Travel insurance<\/li>\n<li class=\"flex items-center\"><i class=\"fas fa-check text-primary mr-2\"><\/i>Trained operator<\/li>\n<li class=\"flex items-center\"><i class=\"fas fa-check text-primary mr-2\"><\/i>Tequila tastings<\/li>\n<\/ul>\n<p>LUGARES A VISITAR:<br \/>\nCampo agavero (Donde podr\u00e1n observar el mejor paisaje agavero y podr\u00e1n disfrutar de un tiempo para sus hermosas fotograf\u00edas.<br \/>\nDestiladora En la cual ver\u00e1n como es el proceso y la elaboraci\u00f3n del tequila finalizando el recorrido con degustaciones (ya incluidas) de los diferentes tequilas y licores hechos a base de tequila 100% artesanal. Recorriendo una de las cavas m\u00e1s grandes de la Regi\u00f3n y te ense\u00f1aran la oraci\u00f3n del borracho&#8230;<br \/>\nRestaurante, en el cual tendr\u00e1n tiempo para la toma de alimentos. (NO INCLUIDOS) Pueblo de TEQUILA donde dispondr\u00e1s de tiempo libre para conocer su arquitectura y bebidas t\u00edpicas de la regi\u00f3n.<\/p>\n<p>Cantaritos en los cuales podr\u00e1n encontrar las mejores bebidas t\u00edpicas de TEQUILA (Bebida no incluida)<\/p>\n<p>&nbsp;<\/p>\n<p>En caso de no llegar a tiempo el d\u00eda y hora indicada se considera no show<\/p>\n<p>Cancelaciones: no hay reembolso a partir del segundo cambio de nombre al momento de transferir tu viaje seria con costo extra.<\/p>","protected":false},"excerpt":{"rendered":"<p class=\"text-gray-600 mb-4\">Vive la experiencia de conocer uno de nuestros maravillosos pueblos m\u00e1gicos, \u201cTEQUILA JALISCO\u201d se encuentra cerca del volc\u00e1n de tequila, y nos deleita con pintorescos paisajes debido a su planta de agave azul, misma que da origen a la famosa producci\u00f3n de tequila.<\/p>\n<div class=\"mb-4\"><\/div>","protected":false},"featured_media":1914,"comment_status":"open","ping_status":"closed","template":"","meta":{"site-sidebar-layout":"default","site-content-layout":"default","ast-site-content-layout":"default","site-content-style":"default","site-sidebar-style":"default","ast-global-header-display":"","ast-banner-title-visibility":"","ast-main-header-display":"","ast-hfb-above-header-display":"","ast-hfb-below-header-display":"","ast-hfb-mobile-header-display":"","site-post-title":"","ast-breadcrumbs-content":"","ast-featured-img":"","footer-sml-layout":"","theme-transparent-header-meta":"default","adv-header-id-meta":"","stick-header-meta":"","header-above-stick-meta":"","header-main-stick-meta":"","header-below-stick-meta":"","astra-migrate-meta-layouts":"set","ast-page-background-enabled":"default","ast-page-background-meta":{"desktop":{"background-color":"var(--ast-global-color-4)","background-image":"","background-repeat":"repeat","background-position":"center center","background-size":"auto","background-attachment":"scroll","background-type":"","background-media":"","overlay-type":"","overlay-color":"","overlay-opacity":"","overlay-gradient":""},"tablet":{"background-color":"","background-image":"","background-repeat":"repeat","background-position":"center center","background-size":"auto","background-attachment":"scroll","background-type":"","background-media":"","overlay-type":"","overlay-color":"","overlay-opacity":"","overlay-gradient":""},"mobile":{"background-color":"","background-image":"","background-repeat":"repeat","background-position":"center center","background-size":"auto","background-attachment":"scroll","background-type":"","background-media":"","overlay-type":"","overlay-color":"","overlay-opacity":"","overlay-gradient":""}},"ast-content-background-meta":{"desktop":{"background-color":"var(--ast-global-color-5)","background-image":"","background-repeat":"repeat","background-position":"center center","background-size":"auto","background-attachment":"scroll","background-type":"","background-media":"","overlay-type":"","overlay-color":"","overlay-opacity":"","overlay-gradient":""},"tablet":{"background-color":"var(--ast-global-color-5)","background-image":"","background-repeat":"repeat","background-position":"center center","background-size":"auto","background-attachment":"scroll","background-type":"","background-media":"","overlay-type":"","overlay-color":"","overlay-opacity":"","overlay-gradient":""},"mobile":{"background-color":"var(--ast-global-color-5)","background-image":"","background-repeat":"repeat","background-position":"center center","background-size":"auto","background-attachment":"scroll","background-type":"","background-media":"","overlay-type":"","overlay-color":"","overlay-opacity":"","overlay-gradient":""}}},"product_brand":[],"product_cat":[24,25,21],"product_tag":[],"class_list":{"0":"post-1136","1":"product","2":"type-product","3":"status-publish","4":"has-post-thumbnail","6":"product_cat-1-dia","7":"product_cat-menores","8":"product_cat-tours","9":"desktop-align-left","10":"tablet-align-left","11":"mobile-align-left","13":"first","14":"instock","15":"shipping-taxable","16":"purchasable","17":"product-type-variable"},"_links":{"self":[{"href":"https:\/\/agenciacolibrierrante.com\/en\/wp-json\/wp\/v2\/product\/1136","targetHints":{"allow":["GET"]}}],"collection":[{"href":"https:\/\/agenciacolibrierrante.com\/en\/wp-json\/wp\/v2\/product"}],"about":[{"href":"https:\/\/agenciacolibrierrante.com\/en\/wp-json\/wp\/v2\/types\/product"}],"replies":[{"embeddable":true,"href":"https:\/\/agenciacolibrierrante.com\/en\/wp-json\/wp\/v2\/comments?post=1136"}],"wp:featuredmedia":[{"embeddable":true,"href":"https:\/\/agenciacolibrierrante.com\/en\/wp-json\/wp\/v2\/media\/1914"}],"wp:attachment":[{"href":"https:\/\/agenciacolibrierrante.com\/en\/wp-json\/wp\/v2\/media?parent=1136"}],"wp:term":[{"taxonomy":"product_brand","embeddable":true,"href":"https:\/\/agenciacolibrierrante.com\/en\/wp-json\/wp\/v2\/product_brand?post=1136"},{"taxonomy":"product_cat","embeddable":true,"href":"https:\/\/agenciacolibrierrante.com\/en\/wp-json\/wp\/v2\/product_cat?post=1136"},{"taxonomy":"product_tag","embeddable":true,"href":"https:\/\/agenciacolibrierrante.com\/en\/wp-json\/wp\/v2\/product_tag?post=1136"}],"curies":[{"name":"wp","href":"https:\/\/api.w.org\/{rel}","templated":true}]}}